{"id":730,"date":"2020-07-16T13:45:07","date_gmt":"2020-07-16T17:45:07","guid":{"rendered":"https:\/\/vrnotaires.com\/notaries\/me-felix-rochon\/"},"modified":"2020-07-16T15:41:22","modified_gmt":"2020-07-16T19:41:22","slug":"me-felix-rochon","status":"publish","type":"page","link":"https:\/\/vrnotaires.com\/en\/notaries\/me-felix-rochon\/","title":{"rendered":"Me F\u00e9lix Rochon"},"content":{"rendered":"\t\t<div data-elementor-type=\"wp-page\" data-elementor-id=\"730\" class=\"elementor elementor-730 elementor-281\" data-elementor-post-type=\"page\">\n\t\t\t\t\t\t<section class=\"elementor-section elementor-top-section elementor-element elementor-element-67cc0cc6 elementor-section-height-min-height elementor-section-boxed elementor-section-height-default elementor-section-items-middle\" data-id=\"67cc0cc6\" data-element_type=\"section\" data-e-type=\"section\" data-settings=\"{&quot;background_background&quot;:&quot;classic&quot;}\">\n\t\t\t\t\t\t\t<div class=\"elementor-background-overlay\"><\/div>\n\t\t\t\t\t\t\t<div class=\"elementor-container elementor-column-gap-default\">\n\t\t\t\t\t<div class=\"elementor-column elementor-col-100 elementor-top-column elementor-element elementor-element-5f814666\" data-id=\"5f814666\" data-element_type=\"column\" data-e-type=\"column\">\n\t\t\t<div class=\"elementor-widget-wrap elementor-element-populated\">\n\t\t\t\t\t\t<div class=\"elementor-element elementor-element-054a545 elementor-widget elementor-widget-text-editor\" data-id=\"054a545\" data-element_type=\"widget\" data-e-type=\"widget\" data-widget_type=\"text-editor.default\">\n\t\t\t\t<div class=\"elementor-widget-container\">\n\t\t\t\t\t\t\t\t\t<p>Notaries<\/p>\n\t\t\t\t\t\t\t\t<\/div>\n\t\t\t\t<\/div>\n\t\t\t\t<div class=\"elementor-element elementor-element-190c6d8d elementor-widget elementor-widget-heading\" data-id=\"190c6d8d\" data-element_type=\"widget\" data-e-type=\"widget\" data-settings=\"{&quot;motion_fx_motion_fx_scrolling&quot;:&quot;yes&quot;,&quot;motion_fx_devices&quot;:[&quot;desktop&quot;,&quot;tablet&quot;,&quot;mobile&quot;]}\" data-widget_type=\"heading.default\">\n\t\t\t\t<div class=\"elementor-widget-container\">\n\t\t\t\t\t<h1 class=\"elementor-heading-title elementor-size-default\">Me F\u00e9lix Rochon<\/h1>\t\t\t\t<\/div>\n\t\t\t\t<\/div>\n\t\t\t\t\t<\/div>\n\t\t<\/div>\n\t\t\t\t\t<\/div>\n\t\t<\/section>\n\t\t\t\t<section class=\"elementor-section elementor-top-section elementor-element elementor-element-9567e7d elementor-reverse-tablet elementor-reverse-mobile elementor-section-boxed elementor-section-height-default elementor-section-height-default\" data-id=\"9567e7d\" data-element_type=\"section\" data-e-type=\"section\">\n\t\t\t\t\t\t<div class=\"elementor-container elementor-column-gap-default\">\n\t\t\t\t\t<div class=\"elementor-column elementor-col-50 elementor-top-column elementor-element elementor-element-44688716\" data-id=\"44688716\" data-element_type=\"column\" data-e-type=\"column\">\n\t\t\t<div class=\"elementor-widget-wrap elementor-element-populated\">\n\t\t\t\t\t\t<div class=\"elementor-element elementor-element-1863867d elementor-widget elementor-widget-image\" data-id=\"1863867d\" data-element_type=\"widget\" data-e-type=\"widget\" data-widget_type=\"image.default\">\n\t\t\t\t<div class=\"elementor-widget-container\">\n\t\t\t\t\t\t\t\t\t\t\t\t\t\t\t<img fetchpriority=\"high\" decoding=\"async\" width=\"610\" height=\"450\" src=\"https:\/\/vrnotaires.com\/wp-content\/uploads\/2020\/07\/voizard-rochon-felix-rochon-550x406-1.jpg\" class=\"attachment-full size-full wp-image-696\" alt=\"\" srcset=\"https:\/\/vrnotaires.com\/wp-content\/uploads\/2020\/07\/voizard-rochon-felix-rochon-550x406-1.jpg 610w, https:\/\/vrnotaires.com\/wp-content\/uploads\/2020\/07\/voizard-rochon-felix-rochon-550x406-1-300x221.jpg 300w\" sizes=\"(max-width: 610px) 100vw, 610px\" \/>\t\t\t\t\t\t\t\t\t\t\t\t\t\t\t<\/div>\n\t\t\t\t<\/div>\n\t\t\t\t<section class=\"elementor-section elementor-inner-section elementor-element elementor-element-2b9d8f45 elementor-section-height-min-height elementor-section-boxed elementor-section-height-default\" data-id=\"2b9d8f45\" data-element_type=\"section\" data-e-type=\"section\">\n\t\t\t\t\t\t<div class=\"elementor-container elementor-column-gap-default\">\n\t\t\t\t\t<div class=\"elementor-column elementor-col-100 elementor-inner-column elementor-element elementor-element-84fdbdb\" data-id=\"84fdbdb\" data-element_type=\"column\" data-e-type=\"column\" data-settings=\"{&quot;background_background&quot;:&quot;classic&quot;}\">\n\t\t\t<div class=\"elementor-widget-wrap elementor-element-populated\">\n\t\t\t\t\t\t<div class=\"elementor-element elementor-element-4dcd27c elementor-icon-list--layout-traditional elementor-list-item-link-full_width elementor-widget elementor-widget-icon-list\" data-id=\"4dcd27c\" data-element_type=\"widget\" data-e-type=\"widget\" data-widget_type=\"icon-list.default\">\n\t\t\t\t<div class=\"elementor-widget-container\">\n\t\t\t\t\t\t\t<ul class=\"elementor-icon-list-items\">\n\t\t\t\t\t\t\t<li class=\"elementor-icon-list-item\">\n\t\t\t\t\t\t\t\t\t\t\t<a href=\"mailto:frochon@vrnotaires.com\">\n\n\t\t\t\t\t\t\t\t\t\t\t\t<span class=\"elementor-icon-list-icon\">\n\t\t\t\t\t\t\t<i aria-hidden=\"true\" class=\"fas fa-envelope\"><\/i>\t\t\t\t\t\t<\/span>\n\t\t\t\t\t\t\t\t\t\t<span class=\"elementor-icon-list-text\">frochon@vrnotaires.com<\/span>\n\t\t\t\t\t\t\t\t\t\t\t<\/a>\n\t\t\t\t\t\t\t\t\t<\/li>\n\t\t\t\t\t\t<\/ul>\n\t\t\t\t\t\t<\/div>\n\t\t\t\t<\/div>\n\t\t\t\t\t<\/div>\n\t\t<\/div>\n\t\t\t\t\t<\/div>\n\t\t<\/section>\n\t\t\t\t\t<\/div>\n\t\t<\/div>\n\t\t\t\t<div class=\"elementor-column elementor-col-50 elementor-top-column elementor-element elementor-element-22b59e91\" data-id=\"22b59e91\" data-element_type=\"column\" data-e-type=\"column\">\n\t\t\t<div class=\"elementor-widget-wrap elementor-element-populated\">\n\t\t\t\t\t\t<div class=\"elementor-element elementor-element-29b1f2aa elementor-widget elementor-widget-text-editor\" data-id=\"29b1f2aa\" data-element_type=\"widget\" data-e-type=\"widget\" data-widget_type=\"text-editor.default\">\n\t\t\t\t<div class=\"elementor-widget-container\">\n\t\t\t\t\t\t\t\t\t<p id=\"E564\"><span id=\"E565\"><strong>F\u00e9lix Rochon<\/strong>, notary, was admitted to the Chambre des notaires du Qu\u00e9bec in 2012. With seven years of experience as a notary and five years as a civil and commercial litigation attorney, he joined the Voizard Notaires team in 2020 as a partner. <\/span><\/p>\n<p id=\"E572\"><span id=\"E573\">Mr. Rochon\u2019s practice is focused on real estate and commercial law. His diligence and talent for drafting contracts that reflect all partie\u2019s intentions have made him a sought-after professional, appreciated for his wisdom.<\/p>\n<p>He has always practiced in the Laurentians, where he is well known for his community involvement. He works with variety of social clubs and participates in municipal elections, serving as legal counsel and official agent for several candidates. As a well-rounded legal professional, he also serves as speaker for several legal and real estate associations, offering custom training to attorneys, notaries, legal advisors and real estate brokers of all stripes.<\/span><\/p>\n<p id=\"E576\"><span id=\"E577\">Mr. Rochon practices law in English and French.<\/span><\/p>\n\t\t\t\t\t\t\t\t<\/div>\n\t\t\t\t<\/div>\n\t\t\t\t\t<\/div>\n\t\t<\/div>\n\t\t\t\t\t<\/div>\n\t\t<\/section>\n\t\t\t\t<section class=\"elementor-section elementor-top-section elementor-element elementor-element-2008ccf2 elementor-section-height-min-height elementor-section-boxed elementor-section-height-default elementor-section-items-middle\" data-id=\"2008ccf2\" data-element_type=\"section\" data-e-type=\"section\" data-settings=\"{&quot;background_background&quot;:&quot;classic&quot;}\">\n\t\t\t\t\t\t\t<div class=\"elementor-background-overlay\"><\/div>\n\t\t\t\t\t\t\t<div class=\"elementor-container elementor-column-gap-default\">\n\t\t\t\t\t<div class=\"elementor-column elementor-col-100 elementor-top-column elementor-element elementor-element-158d4b04\" data-id=\"158d4b04\" data-element_type=\"column\" data-e-type=\"column\">\n\t\t\t<div class=\"elementor-widget-wrap elementor-element-populated\">\n\t\t\t\t\t\t<div class=\"elementor-element elementor-element-17a91a6e elementor-widget elementor-widget-heading\" data-id=\"17a91a6e\" data-element_type=\"widget\" data-e-type=\"widget\" data-widget_type=\"heading.default\">\n\t\t\t\t<div class=\"elementor-widget-container\">\n\t\t\t\t\t<p class=\"elementor-heading-title elementor-size-default\">The notaries at Voizard Rochon will allow you to benefit from all the legal services related to the corporate and individual aspects.<\/p>\t\t\t\t<\/div>\n\t\t\t\t<\/div>\n\t\t\t\t<div class=\"elementor-element elementor-element-3358bfbe elementor-align-center elementor-widget elementor-widget-button\" data-id=\"3358bfbe\" data-element_type=\"widget\" data-e-type=\"widget\" data-widget_type=\"button.default\">\n\t\t\t\t<div class=\"elementor-widget-container\">\n\t\t\t\t\t\t\t\t\t<div class=\"elementor-button-wrapper\">\n\t\t\t\t\t<a class=\"elementor-button elementor-button-link elementor-size-md\" href=\"\/en\/services\/\">\n\t\t\t\t\t\t<span class=\"elementor-button-content-wrapper\">\n\t\t\t\t\t\t<span class=\"elementor-button-icon\">\n\t\t\t\t<i aria-hidden=\"true\" class=\"fas fa-long-arrow-alt-right\"><\/i>\t\t\t<\/span>\n\t\t\t\t\t\t\t\t\t<span class=\"elementor-button-text\">Our Services<\/span>\n\t\t\t\t\t<\/span>\n\t\t\t\t\t<\/a>\n\t\t\t\t<\/div>\n\t\t\t\t\t\t\t\t<\/div>\n\t\t\t\t<\/div>\n\t\t\t\t\t<\/div>\n\t\t<\/div>\n\t\t\t\t\t<\/div>\n\t\t<\/section>\n\t\t\t\t<\/div>\n\t\t","protected":false},"excerpt":{"rendered":"<p>Notaries Me F\u00e9lix Rochon frochon@vrnotaires.com F\u00e9lix Rochon, notary, was admitted to the Chambre des notaires du Qu\u00e9bec in 2012. With seven years of experience as a notary and five years as a civil and commercial litigation attorney, he joined the Voizard Notaires team in 2020 as a partner. Mr. Rochon\u2019s practice is focused on real [&hellip;]<\/p>\n","protected":false},"author":1,"featured_media":0,"parent":719,"menu_order":0,"comment_status":"closed","ping_status":"closed","template":"","meta":{"footnotes":""},"class_list":["post-730","page","type-page","status-publish","hentry"],"yoast_head":"<!-- This site is optimized with the Yoast SEO Premium plugin v26.1 (Yoast SEO v27.2) - https:\/\/yoast.com\/product\/yoast-seo-premium-wordpress\/ -->\n<title>Me F\u00e9lix Rochon | Voizard Rochon Notaires<\/title>\n<meta name=\"robots\" content=\"index, follow, max-snippet:-1, max-image-preview:large, max-video-preview:-1\" \/>\n<link rel=\"canonical\" href=\"https:\/\/vrnotaires.com\/en\/notaries\/me-felix-rochon\/\" \/>\n<meta property=\"og:locale\" content=\"en_US\" \/>\n<meta property=\"og:type\" content=\"article\" \/>\n<meta property=\"og:title\" content=\"Me F\u00e9lix Rochon\" \/>\n<meta property=\"og:description\" content=\"Notaries Me F\u00e9lix Rochon frochon@vrnotaires.com F\u00e9lix Rochon, notary, was admitted to the Chambre des notaires du Qu\u00e9bec in 2012. With seven years of experience as a notary and five years as a civil and commercial litigation attorney, he joined the Voizard Notaires team in 2020 as a partner. Mr. Rochon\u2019s practice is focused on real [&hellip;]\" \/>\n<meta property=\"og:url\" content=\"https:\/\/vrnotaires.com\/en\/notaries\/me-felix-rochon\/\" \/>\n<meta property=\"og:site_name\" content=\"Voizard Rochon Notaires\" \/>\n<meta property=\"article:modified_time\" content=\"2020-07-16T19:41:22+00:00\" \/>\n<meta property=\"og:image\" content=\"https:\/\/vrnotaires.com\/wp-content\/uploads\/2020\/07\/voizard-rochon-felix-rochon-550x406-1.jpg\" \/>\n<meta name=\"twitter:card\" content=\"summary_large_image\" \/>\n<meta name=\"twitter:label1\" content=\"Est. reading time\" \/>\n\t<meta name=\"twitter:data1\" content=\"1 minute\" \/>\n<script type=\"application\/ld+json\" class=\"yoast-schema-graph\">{\"@context\":\"https:\/\/schema.org\",\"@graph\":[{\"@type\":\"WebPage\",\"@id\":\"https:\/\/vrnotaires.com\/en\/notaries\/me-felix-rochon\/\",\"url\":\"https:\/\/vrnotaires.com\/en\/notaries\/me-felix-rochon\/\",\"name\":\"Me F\u00e9lix Rochon | Voizard Rochon Notaires\",\"isPartOf\":{\"@id\":\"https:\/\/vrnotaires.com\/en\/#website\"},\"primaryImageOfPage\":{\"@id\":\"https:\/\/vrnotaires.com\/en\/notaries\/me-felix-rochon\/#primaryimage\"},\"image\":{\"@id\":\"https:\/\/vrnotaires.com\/en\/notaries\/me-felix-rochon\/#primaryimage\"},\"thumbnailUrl\":\"https:\/\/vrnotaires.com\/wp-content\/uploads\/2020\/07\/voizard-rochon-felix-rochon-550x406-1.jpg\",\"datePublished\":\"2020-07-16T17:45:07+00:00\",\"dateModified\":\"2020-07-16T19:41:22+00:00\",\"breadcrumb\":{\"@id\":\"https:\/\/vrnotaires.com\/en\/notaries\/me-felix-rochon\/#breadcrumb\"},\"inLanguage\":\"en-US\",\"potentialAction\":[{\"@type\":\"ReadAction\",\"target\":[\"https:\/\/vrnotaires.com\/en\/notaries\/me-felix-rochon\/\"]}]},{\"@type\":\"ImageObject\",\"inLanguage\":\"en-US\",\"@id\":\"https:\/\/vrnotaires.com\/en\/notaries\/me-felix-rochon\/#primaryimage\",\"url\":\"https:\/\/vrnotaires.com\/wp-content\/uploads\/2020\/07\/voizard-rochon-felix-rochon-550x406-1.jpg\",\"contentUrl\":\"https:\/\/vrnotaires.com\/wp-content\/uploads\/2020\/07\/voizard-rochon-felix-rochon-550x406-1.jpg\"},{\"@type\":\"BreadcrumbList\",\"@id\":\"https:\/\/vrnotaires.com\/en\/notaries\/me-felix-rochon\/#breadcrumb\",\"itemListElement\":[{\"@type\":\"ListItem\",\"position\":1,\"name\":\"Home\",\"item\":\"https:\/\/vrnotaires.com\/en\/\"},{\"@type\":\"ListItem\",\"position\":2,\"name\":\"Notaries\",\"item\":\"https:\/\/vrnotaires.com\/en\/notaires\/\"},{\"@type\":\"ListItem\",\"position\":3,\"name\":\"Me F\u00e9lix Rochon\"}]},{\"@type\":\"WebSite\",\"@id\":\"https:\/\/vrnotaires.com\/en\/#website\",\"url\":\"https:\/\/vrnotaires.com\/en\/\",\"name\":\"Voizard Rochon Notaires\",\"description\":\"Laurentides Sainte-Ad\u00e8le\",\"publisher\":{\"@id\":\"https:\/\/vrnotaires.com\/en\/#organization\"},\"potentialAction\":[{\"@type\":\"SearchAction\",\"target\":{\"@type\":\"EntryPoint\",\"urlTemplate\":\"https:\/\/vrnotaires.com\/en\/?s={search_term_string}\"},\"query-input\":{\"@type\":\"PropertyValueSpecification\",\"valueRequired\":true,\"valueName\":\"search_term_string\"}}],\"inLanguage\":\"en-US\"},{\"@type\":\"Organization\",\"@id\":\"https:\/\/vrnotaires.com\/en\/#organization\",\"name\":\"Voizard Rochon Notaires\",\"url\":\"https:\/\/vrnotaires.com\/en\/\",\"logo\":{\"@type\":\"ImageObject\",\"inLanguage\":\"en-US\",\"@id\":\"https:\/\/vrnotaires.com\/en\/#\/schema\/logo\/image\/\",\"url\":\"https:\/\/vrnotaires.com\/wp-content\/uploads\/2020\/05\/Voizard-Rochon-Logo-Noir.svg\",\"contentUrl\":\"https:\/\/vrnotaires.com\/wp-content\/uploads\/2020\/05\/Voizard-Rochon-Logo-Noir.svg\",\"width\":\"1024\",\"height\":\"1024\",\"caption\":\"Voizard Rochon Notaires\"},\"image\":{\"@id\":\"https:\/\/vrnotaires.com\/en\/#\/schema\/logo\/image\/\"}}]}<\/script>\n<!-- \/ Yoast SEO Premium plugin. -->","yoast_head_json":{"title":"Me F\u00e9lix Rochon | Voizard Rochon Notaires","robots":{"index":"index","follow":"follow","max-snippet":"max-snippet:-1","max-image-preview":"max-image-preview:large","max-video-preview":"max-video-preview:-1"},"canonical":"https:\/\/vrnotaires.com\/en\/notaries\/me-felix-rochon\/","og_locale":"en_US","og_type":"article","og_title":"Me F\u00e9lix Rochon","og_description":"Notaries Me F\u00e9lix Rochon frochon@vrnotaires.com F\u00e9lix Rochon, notary, was admitted to the Chambre des notaires du Qu\u00e9bec in 2012. With seven years of experience as a notary and five years as a civil and commercial litigation attorney, he joined the Voizard Notaires team in 2020 as a partner. Mr. Rochon\u2019s practice is focused on real [&hellip;]","og_url":"https:\/\/vrnotaires.com\/en\/notaries\/me-felix-rochon\/","og_site_name":"Voizard Rochon Notaires","article_modified_time":"2020-07-16T19:41:22+00:00","og_image":[{"url":"https:\/\/vrnotaires.com\/wp-content\/uploads\/2020\/07\/voizard-rochon-felix-rochon-550x406-1.jpg","type":"","width":"","height":""}],"twitter_card":"summary_large_image","twitter_misc":{"Est. reading time":"1 minute"},"schema":{"@context":"https:\/\/schema.org","@graph":[{"@type":"WebPage","@id":"https:\/\/vrnotaires.com\/en\/notaries\/me-felix-rochon\/","url":"https:\/\/vrnotaires.com\/en\/notaries\/me-felix-rochon\/","name":"Me F\u00e9lix Rochon | Voizard Rochon Notaires","isPartOf":{"@id":"https:\/\/vrnotaires.com\/en\/#website"},"primaryImageOfPage":{"@id":"https:\/\/vrnotaires.com\/en\/notaries\/me-felix-rochon\/#primaryimage"},"image":{"@id":"https:\/\/vrnotaires.com\/en\/notaries\/me-felix-rochon\/#primaryimage"},"thumbnailUrl":"https:\/\/vrnotaires.com\/wp-content\/uploads\/2020\/07\/voizard-rochon-felix-rochon-550x406-1.jpg","datePublished":"2020-07-16T17:45:07+00:00","dateModified":"2020-07-16T19:41:22+00:00","breadcrumb":{"@id":"https:\/\/vrnotaires.com\/en\/notaries\/me-felix-rochon\/#breadcrumb"},"inLanguage":"en-US","potentialAction":[{"@type":"ReadAction","target":["https:\/\/vrnotaires.com\/en\/notaries\/me-felix-rochon\/"]}]},{"@type":"ImageObject","inLanguage":"en-US","@id":"https:\/\/vrnotaires.com\/en\/notaries\/me-felix-rochon\/#primaryimage","url":"https:\/\/vrnotaires.com\/wp-content\/uploads\/2020\/07\/voizard-rochon-felix-rochon-550x406-1.jpg","contentUrl":"https:\/\/vrnotaires.com\/wp-content\/uploads\/2020\/07\/voizard-rochon-felix-rochon-550x406-1.jpg"},{"@type":"BreadcrumbList","@id":"https:\/\/vrnotaires.com\/en\/notaries\/me-felix-rochon\/#breadcrumb","itemListElement":[{"@type":"ListItem","position":1,"name":"Home","item":"https:\/\/vrnotaires.com\/en\/"},{"@type":"ListItem","position":2,"name":"Notaries","item":"https:\/\/vrnotaires.com\/en\/notaires\/"},{"@type":"ListItem","position":3,"name":"Me F\u00e9lix Rochon"}]},{"@type":"WebSite","@id":"https:\/\/vrnotaires.com\/en\/#website","url":"https:\/\/vrnotaires.com\/en\/","name":"Voizard Rochon Notaires","description":"Laurentides Sainte-Ad\u00e8le","publisher":{"@id":"https:\/\/vrnotaires.com\/en\/#organization"},"potentialAction":[{"@type":"SearchAction","target":{"@type":"EntryPoint","urlTemplate":"https:\/\/vrnotaires.com\/en\/?s={search_term_string}"},"query-input":{"@type":"PropertyValueSpecification","valueRequired":true,"valueName":"search_term_string"}}],"inLanguage":"en-US"},{"@type":"Organization","@id":"https:\/\/vrnotaires.com\/en\/#organization","name":"Voizard Rochon Notaires","url":"https:\/\/vrnotaires.com\/en\/","logo":{"@type":"ImageObject","inLanguage":"en-US","@id":"https:\/\/vrnotaires.com\/en\/#\/schema\/logo\/image\/","url":"https:\/\/vrnotaires.com\/wp-content\/uploads\/2020\/05\/Voizard-Rochon-Logo-Noir.svg","contentUrl":"https:\/\/vrnotaires.com\/wp-content\/uploads\/2020\/05\/Voizard-Rochon-Logo-Noir.svg","width":"1024","height":"1024","caption":"Voizard Rochon Notaires"},"image":{"@id":"https:\/\/vrnotaires.com\/en\/#\/schema\/logo\/image\/"}}]}},"_links":{"self":[{"href":"https:\/\/vrnotaires.com\/en\/wp-json\/wp\/v2\/pages\/730","targetHints":{"allow":["GET"]}}],"collection":[{"href":"https:\/\/vrnotaires.com\/en\/wp-json\/wp\/v2\/pages"}],"about":[{"href":"https:\/\/vrnotaires.com\/en\/wp-json\/wp\/v2\/types\/page"}],"author":[{"embeddable":true,"href":"https:\/\/vrnotaires.com\/en\/wp-json\/wp\/v2\/users\/1"}],"replies":[{"embeddable":true,"href":"https:\/\/vrnotaires.com\/en\/wp-json\/wp\/v2\/comments?post=730"}],"version-history":[{"count":3,"href":"https:\/\/vrnotaires.com\/en\/wp-json\/wp\/v2\/pages\/730\/revisions"}],"predecessor-version":[{"id":818,"href":"https:\/\/vrnotaires.com\/en\/wp-json\/wp\/v2\/pages\/730\/revisions\/818"}],"up":[{"embeddable":true,"href":"https:\/\/vrnotaires.com\/en\/wp-json\/wp\/v2\/pages\/719"}],"wp:attachment":[{"href":"https:\/\/vrnotaires.com\/en\/wp-json\/wp\/v2\/media?parent=730"}],"curies":[{"name":"wp","href":"https:\/\/api.w.org\/{rel}","templated":true}]}}